{"id":536,"date":"2023-07-14T17:54:54","date_gmt":"2023-07-14T17:54:54","guid":{"rendered":"https:\/\/imx.acm.org\/2022\/?page_id=536"},"modified":"2025-05-08T10:45:22","modified_gmt":"2025-05-08T10:45:22","slug":"accommodation","status":"publish","type":"page","link":"https:\/\/imx.acm.org\/2025\/accommodation\/","title":{"rendered":"Accommodation"},"content":{"rendered":"\t\t<div data-elementor-type=\"wp-page\" data-elementor-id=\"536\" class=\"elementor elementor-536\">\n\t\t\t\t\t\t<section class=\"elementor-section elementor-top-section elementor-element elementor-element-7f97c16 elementor-section-boxed elementor-section-height-default elementor-section-height-default\" data-id=\"7f97c16\" data-element_type=\"section\">\n\t\t\t\t\t\t<div class=\"elementor-container elementor-column-gap-default\">\n\t\t\t\t\t<div class=\"elementor-column elementor-col-100 elementor-top-column elementor-element elementor-element-f6aa154\" data-id=\"f6aa154\" data-element_type=\"column\">\n\t\t\t<div class=\"elementor-widget-wrap elementor-element-populated\">\n\t\t\t\t\t\t<div class=\"elementor-element elementor-element-c50f3bd elementor-widget-divider--view-line_text elementor-widget-divider--element-align-center elementor-widget elementor-widget-divider\" data-id=\"c50f3bd\" data-element_type=\"widget\" data-widget_type=\"divider.default\">\n\t\t\t\t<div class=\"elementor-widget-container\">\n\t\t\t<style>\/*! elementor - v3.23.0 - 25-07-2024 *\/\n.elementor-widget-divider{--divider-border-style:none;--divider-border-width:1px;--divider-color:#0c0d0e;--divider-icon-size:20px;--divider-element-spacing:10px;--divider-pattern-height:24px;--divider-pattern-size:20px;--divider-pattern-url:none;--divider-pattern-repeat:repeat-x}.elementor-widget-divider .elementor-divider{display:flex}.elementor-widget-divider .elementor-divider__text{font-size:15px;line-height:1;max-width:95%}.elementor-widget-divider .elementor-divider__element{margin:0 var(--divider-element-spacing);flex-shrink:0}.elementor-widget-divider .elementor-icon{font-size:var(--divider-icon-size)}.elementor-widget-divider .elementor-divider-separator{display:flex;margin:0;direction:ltr}.elementor-widget-divider--view-line_icon .elementor-divider-separator,.elementor-widget-divider--view-line_text .elementor-divider-separator{align-items:center}.elementor-widget-divider--view-line_icon .elementor-divider-separator:after,.elementor-widget-divider--view-line_icon .elementor-divider-separator:before,.elementor-widget-divider--view-line_text .elementor-divider-separator:after,.elementor-widget-divider--view-line_text .elementor-divider-separator:before{display:block;content:\"\";border-block-end:0;flex-grow:1;border-block-start:var(--divider-border-width) var(--divider-border-style) var(--divider-color)}.elementor-widget-divider--element-align-left .elementor-divider .elementor-divider-separator>.elementor-divider__svg:first-of-type{flex-grow:0;flex-shrink:100}.elementor-widget-divider--element-align-left .elementor-divider-separator:before{content:none}.elementor-widget-divider--element-align-left .elementor-divider__element{margin-left:0}.elementor-widget-divider--element-align-right .elementor-divider .elementor-divider-separator>.elementor-divider__svg:last-of-type{flex-grow:0;flex-shrink:100}.elementor-widget-divider--element-align-right .elementor-divider-separator:after{content:none}.elementor-widget-divider--element-align-right .elementor-divider__element{margin-right:0}.elementor-widget-divider--element-align-start .elementor-divider .elementor-divider-separator>.elementor-divider__svg:first-of-type{flex-grow:0;flex-shrink:100}.elementor-widget-divider--element-align-start .elementor-divider-separator:before{content:none}.elementor-widget-divider--element-align-start .elementor-divider__element{margin-inline-start:0}.elementor-widget-divider--element-align-end .elementor-divider .elementor-divider-separator>.elementor-divider__svg:last-of-type{flex-grow:0;flex-shrink:100}.elementor-widget-divider--element-align-end .elementor-divider-separator:after{content:none}.elementor-widget-divider--element-align-end .elementor-divider__element{margin-inline-end:0}.elementor-widget-divider:not(.elementor-widget-divider--view-line_text):not(.elementor-widget-divider--view-line_icon) .elementor-divider-separator{border-block-start:var(--divider-border-width) var(--divider-border-style) var(--divider-color)}.elementor-widget-divider--separator-type-pattern{--divider-border-style:none}.elementor-widget-divider--separator-type-pattern.elementor-widget-divider--view-line .elementor-divider-separator,.elementor-widget-divider--separator-type-pattern:not(.elementor-widget-divider--view-line) .elementor-divider-separator:after,.elementor-widget-divider--separator-type-pattern:not(.elementor-widget-divider--view-line) .elementor-divider-separator:before,.elementor-widget-divider--separator-type-pattern:not([class*=elementor-widget-divider--view]) .elementor-divider-separator{width:100%;min-height:var(--divider-pattern-height);-webkit-mask-size:var(--divider-pattern-size) 100%;mask-size:var(--divider-pattern-size) 100%;-webkit-mask-repeat:var(--divider-pattern-repeat);mask-repeat:var(--divider-pattern-repeat);background-color:var(--divider-color);-webkit-mask-image:var(--divider-pattern-url);mask-image:var(--divider-pattern-url)}.elementor-widget-divider--no-spacing{--divider-pattern-size:auto}.elementor-widget-divider--bg-round{--divider-pattern-repeat:round}.rtl .elementor-widget-divider .elementor-divider__text{direction:rtl}.e-con-inner>.elementor-widget-divider,.e-con>.elementor-widget-divider{width:var(--container-widget-width,100%);--flex-grow:var(--container-widget-flex-grow)}<\/style>\t\t<div class=\"elementor-divider\">\n\t\t\t<span class=\"elementor-divider-separator\">\n\t\t\t\t\t\t\t<h2 class=\"elementor-divider__text elementor-divider__element\">\n\t\t\t\tAccommodation\t\t\t\t<\/h2>\n\t\t\t\t\t\t<\/span>\n\t\t<\/div>\n\t\t\t\t<\/div>\n\t\t\t\t<\/div>\n\t\t\t\t\t<\/div>\n\t\t<\/div>\n\t\t\t\t\t<\/div>\n\t\t<\/section>\n\t\t\t\t<section class=\"elementor-section elementor-top-section elementor-element elementor-element-1de1df1 elementor-hidden-desktop elementor-hidden-tablet elementor-hidden-mobile elementor-section-boxed elementor-section-height-default elementor-section-height-default\" data-id=\"1de1df1\" data-element_type=\"section\" data-settings=\"{&quot;background_background&quot;:&quot;classic&quot;}\">\n\t\t\t\t\t\t<div class=\"elementor-container elementor-column-gap-default\">\n\t\t\t\t\t<div class=\"elementor-column elementor-col-100 elementor-top-column elementor-element elementor-element-630d8a2\" data-id=\"630d8a2\" data-element_type=\"column\">\n\t\t\t<div class=\"elementor-widget-wrap elementor-element-populated\">\n\t\t\t\t\t\t<section class=\"elementor-section elementor-inner-section elementor-element elementor-element-9aad3d6 elementor-section-boxed elementor-section-height-default elementor-section-height-default\" data-id=\"9aad3d6\" data-element_type=\"section\">\n\t\t\t\t\t\t<div class=\"elementor-container elementor-column-gap-default\">\n\t\t\t\t\t<div class=\"elementor-column elementor-col-50 elementor-inner-column elementor-element elementor-element-4de2273\" data-id=\"4de2273\" data-element_type=\"column\">\n\t\t\t<div class=\"elementor-widget-wrap elementor-element-populated\">\n\t\t\t\t\t\t<div class=\"elementor-element elementor-element-8e1d9eb elementor-hidden-desktop elementor-hidden-tablet elementor-hidden-mobile elementor-widget elementor-widget-text-editor\" data-id=\"8e1d9eb\" data-element_type=\"widget\" data-widget_type=\"text-editor.default\">\n\t\t\t\t<div class=\"elementor-widget-container\">\n\t\t\t<style>\/*! elementor - v3.23.0 - 25-07-2024 *\/\n.elementor-widget-text-editor.elementor-drop-cap-view-stacked .elementor-drop-cap{background-color:#69727d;color:#fff}.elementor-widget-text-editor.elementor-drop-cap-view-framed .elementor-drop-cap{color:#69727d;border:3px solid;background-color:transparent}.elementor-widget-text-editor:not(.elementor-drop-cap-view-default) .elementor-drop-cap{margin-top:8px}.elementor-widget-text-editor:not(.elementor-drop-cap-view-default) .elementor-drop-cap-letter{width:1em;height:1em}.elementor-widget-text-editor .elementor-drop-cap{float:left;text-align:center;line-height:1;font-size:50px}.elementor-widget-text-editor .elementor-drop-cap-letter{display:inline-block}<\/style>\t\t\t\t<p>This page contains a list of <strong>suggestions of hotels close to the conference venue<\/strong>.<\/p>\n<p>The address of the conference venue is:<\/p>\n<p>\ud83d\udd17\u00a0<a href=\"https:\/\/www.google.pt\/maps\/place\/Institute+of+Computing+-+UFF\/@-22.9064655,-43.1358351,17z\/data=!4m14!1m7!3m6!1s0x99817e444e692b:0xfd5e35fb577af2f5!2sInstitute+of+Computing+-+UFF!8m2!3d-22.9064655!4d-43.1332602!16s%2Fg%2F1ydkj35pg!3m5!1s0x99817e444e692b:0xfd5e35fb577af2f5!8m2!3d-22.9064655!4d-43.1332602!16s%2Fg%2F1ydkj35pg?entry=ttu\" target=\"_blank\" rel=\"noopener\">Institute of Computing, UFF,<br \/>Niter\u00f3i, Rio de Janeiro<br \/><\/a><\/p>\t\t\t\t\t\t<\/div>\n\t\t\t\t<\/div>\n\t\t\t\t\t<\/div>\n\t\t<\/div>\n\t\t\t\t<div class=\"elementor-column elementor-col-50 elementor-inner-column elementor-element elementor-element-072dff8\" data-id=\"072dff8\" data-element_type=\"column\">\n\t\t\t<div class=\"elementor-widget-wrap elementor-element-populated\">\n\t\t\t\t\t\t<div class=\"elementor-element elementor-element-c0cb8ae elementor-widget elementor-widget-google_maps\" data-id=\"c0cb8ae\" data-element_type=\"widget\" data-widget_type=\"google_maps.default\">\n\t\t\t\t<div class=\"elementor-widget-container\">\n\t\t\t<style>\/*! elementor - v3.23.0 - 25-07-2024 *\/\n.elementor-widget-google_maps .elementor-widget-container{overflow:hidden}.elementor-widget-google_maps .elementor-custom-embed{line-height:0}.elementor-widget-google_maps iframe{height:300px}<\/style>\t\t<div class=\"elementor-custom-embed\">\n\t\t\t<iframe loading=\"lazy\"\n\t\t\t\t\tsrc=\"https:\/\/maps.google.com\/maps?q=3VV8%2BCM%20S%C3%A3o%20Domingos%2C%20Niter%C3%B3i%20-%20State%20of%20Rio%20de%20Janeiro%2C%20Brazil&#038;t=m&#038;z=14&#038;output=embed&#038;iwloc=near\"\n\t\t\t\t\ttitle=\"3VV8+CM S\u00e3o Domingos, Niter\u00f3i - State of Rio de Janeiro, Brazil\"\n\t\t\t\t\taria-label=\"3VV8+CM S\u00e3o Domingos, Niter\u00f3i - State of Rio de Janeiro, Brazil\"\n\t\t\t><\/iframe>\n\t\t<\/div>\n\t\t\t\t<\/div>\n\t\t\t\t<\/div>\n\t\t\t\t\t<\/div>\n\t\t<\/div>\n\t\t\t\t\t<\/div>\n\t\t<\/section>\n\t\t\t\t\t<\/div>\n\t\t<\/div>\n\t\t\t\t\t<\/div>\n\t\t<\/section>\n\t\t\t\t<section class=\"elementor-section elementor-top-section elementor-element elementor-element-25d5acde elementor-section-boxed elementor-section-height-default elementor-section-height-default\" data-id=\"25d5acde\" data-element_type=\"section\">\n\t\t\t\t\t\t<div class=\"elementor-container elementor-column-gap-default\">\n\t\t\t\t\t<div class=\"elementor-column elementor-col-100 elementor-top-column elementor-element elementor-element-235552bb\" data-id=\"235552bb\" data-element_type=\"column\">\n\t\t\t<div class=\"elementor-widget-wrap elementor-element-populated\">\n\t\t\t\t\t\t<div class=\"elementor-element elementor-element-747edb2a elementor-widget elementor-widget-text-editor\" data-id=\"747edb2a\" data-element_type=\"widget\" data-widget_type=\"text-editor.default\">\n\t\t\t\t<div class=\"elementor-widget-container\">\n\t\t\t\t\t\t\t<p><!-- wp:shortcode --><!-- \/wp:shortcode --><!-- wp:paragraph --><\/p>\n<p><strong><em><!-- \/wp:html --><!-- wp:paragraph --><\/em><\/strong><\/p>\n<p><span style=\"font-weight: 400; font-size: 22px;\">This page contains a list of suggestions of hotels close to the conference venue.<\/span><\/p>\n<h4><span style=\"color: #e63095;\"><b>Hotel H<\/b><\/span><\/h4>\n<p><span style=\"font-weight: 400;\">H Niter\u00f3i Hotel, R. Dr. Paulo Alves, 14 \u2013 Ing\u00e1, Niter\u00f3i \u2013 RJ, 24210-445, Brazil<\/span><\/p>\n<p><span style=\"font-weight: 400;\">Website: <\/span><a href=\"https:\/\/www.guestreservations.com\/h-niteroi-hotel\/booking?msclkid=9a6450a0ca9314e42fbf36037ac89f96\"><span style=\"font-weight: 400;\">H Niter\u00f3i<\/span><\/a><\/p>\n<p><b>Special rates for IMX 2025 attendees, if you contact <a href=\"mailto:reservas@hniteroi.com.br\">reservas@hniteroi.com.br<\/a>.<\/b><\/p>\n<p><i><span style=\"font-weight: 400;\">Route from H Niteroi\u00a0 to\u00a0 IC\/UFF &#8211;<\/span><\/i><a href=\"https:\/\/maps.app.goo.gl\/PEwir9864GfHLdcE9\"> <i><span style=\"font-weight: 400;\">https:\/\/maps.app.goo.gl\/PEwir9864GfHLdcE9<\/span><\/i><\/a><\/p>\n<h4><span style=\"color: #e63095;\"><b>Hotel Cantareira<\/b><\/span><\/h4>\n<p><span style=\"font-weight: 400;\">Hotel Cantareira \u2013 Rua General Os\u00f3rio 62, S\u00e3o Domingos, Niter\u00f3i, RJ 24210-19<\/span><\/p>\n<p><span style=\"font-weight: 400;\">Website: <a href=\"https:\/\/hotelcantareiraniteroi.com.br\/\">https:\/\/hotelcantareiraniteroi.com.br\/\u00a0<\/a><\/span><\/p>\n<p><span style=\"font-weight: 400;\">Route from Hotel Cantareira to IC\/UFF \u2013<\/span><a href=\"https:\/\/maps.app.goo.gl\/CeM69B6KQJCSuVW79\"> <span style=\"font-weight: 400;\">https:\/\/maps.app.goo.gl\/CeM69B6KQJCSuVW79<\/span><\/a><\/p>\n<h4><span style=\"color: #e63095;\"><b>Icarai Praia Hotel\u00a0<\/b><\/span><\/h4>\n<p><span style=\"font-weight: 400;\">Icarai Praia Hotel &#8211; Rua Belis\u00e1rio Augusto, 21. Niter\u00f3i \u2013 Rio de Janeiro &#8211; CEP: 24230-200<\/span><\/p>\n<p><span style=\"font-weight: 400;\">Website: <\/span><span style=\"font-weight: 400;\"><a href=\"http:\/\/www.icaraipraiahotel.com.br\">www.icaraipraiahotel.com.br\u00a0<\/a>\u00a0<\/span><\/p>\n<p><span style=\"font-weight: 400;\">Route from Icarai Praia Hotel to\u00a0 IC\/UFF &#8211;<\/span><a href=\"https:\/\/maps.app.goo.gl\/r1aXrKfXbrxQg3XS9\"> <span style=\"font-weight: 400;\">https:\/\/maps.app.goo.gl\/r1aXrKfXbrxQg3XS9<\/span><\/a><\/p>\n<h4><span style=\"color: #e63095;\"><b>Hotel Orizzonte Niter\u00f3i<\/b><\/span><\/h4>\n<p><span style=\"font-weight: 400;\">Hotel Orizzonte Niter\u00f3i \u2013 Rua Engenheiro Roberto Velasco Cardoso , 321. Gragoat\u00e1. Niter\u00f3i &#8211; RJ<\/span><\/p>\n<p><span style=\"font-weight: 400;\">Website: <a href=\"https:\/\/www.reserveatlantica.com.br\/hotel\/hotel-niteroi-by-atlantica\">https:\/\/www.reserveatlantica.com.br\/hotel\/hotel-niteroi-by-atlantica\u00a0<\/a><\/span><\/p>\n<p><span style=\"font-weight: 400;\">Route from Hotel Orizzonte Niteroi to IC\/UFF &#8211;<\/span><a href=\"https:\/\/maps.app.goo.gl\/8tJYto3MgJgLndRK8\"> <span style=\"font-weight: 400;\">https:\/\/maps.app.goo.gl\/8tJYto3MgJgLndRK8<\/span><\/a><\/p>\n<h4><span style=\"color: #e63095;\"><strong>Niter\u00f3i Palace <\/strong><\/span><span style=\"color: #e63095;\"><b>Hotel<\/b> <\/span><\/h4>\n<p><span style=\"font-weight: 400;\">Niteroi Palace Hotel &#8211; Rua General Andrade Neves, 134 &#8211;\u00a0 Niter\u00f3i, RJ 24210-001\u00a0<\/span><\/p>\n<p><span style=\"font-weight: 400;\">Reservations by phone, WhatsApp or e-mail:\u00a0<\/span><\/p>\n<p><span style=\"font-weight: 400;\">Tel:\u00a0 (21) 2716-5250 | (21)2620-2155<\/span><\/p>\n<p><span style=\"font-weight: 400;\">Whatsapp: (21) 97221-5908<\/span><\/p>\n<p><span style=\"font-weight: 400;\">reserva@niteroipalacehotel.com.br<\/span><\/p>\n<p><span style=\"font-weight: 400;\">Route from Niteroi Palace Hotel to IC\/UFF &#8211;<\/span><a href=\"https:\/\/maps.app.goo.gl\/tNtnu2UnLNdjhfw19\"> <span style=\"font-weight: 400;\">https:\/\/maps.app.goo.gl\/tNtnu2UnLNdjhfw19<\/span><\/a><\/p>\n<h4><span style=\"color: #e63095;\"><b>Hotel Village Icarai<\/b><\/span><\/h4>\n<p><span style=\"font-weight: 400;\">Hotel Village Icarai &#8211; TRAVESSA DR. JO\u00c3O FRANCISCO DA MATTA 12 \u2013 ENTRADA PELA RUA MARIZ E BARROS, 97 \u2013 ICARA\u00cd NITER\u00d3I<\/span><\/p>\n<p><span style=\"font-weight: 400;\">Website: <a href=\"https:\/\/hotelvillageicarai.com.br\/\">https:\/\/hotelvillageicarai.com.br\/<\/a><\/span><\/p>\n<p><span style=\"font-weight: 400;\">Route from Hotel Village Icara\u00ed to IC\/UFF &#8211; <a href=\"https:\/\/maps.app.goo.gl\/swFEMd2CUajwntxB8\">https:\/\/maps.app.goo.gl\/swFEMd2CUajwntxB8<\/a><\/span><\/p>\n<h4><span style=\"color: #e63095;\"><b>Hotel Petit Village Icara\u00ed<\/b><\/span><\/h4>\n<p><span style=\"font-weight: 400;\">Hotel Petit Village Icara\u00ed &#8211; RUA MARIZ E BARROS, 109 \u2013 ICARA\u00cd, NITER\u00d3I<\/span><\/p>\n<p>Website:\u00a0<a href=\"https:\/\/hotelpetitvillageicarai.com.br\/\"><span style=\"font-weight: 400;\">https:\/\/hotelpetitvillageicarai.com.br\/<\/span><\/a><\/p>\n<p><span style=\"font-weight: 400;\">Route from Hotel Petit Village Icara\u00ed to IC\/UFF &#8211; <a href=\"https:\/\/maps.app.goo.gl\/sG8z2qR1M1gmhpFT8\">https:\/\/maps.app.goo.gl\/sG8z2qR1M1gmhpFT8\u00a0<\/a><\/span><\/p>\n<h4><span style=\"color: #e63095;\"><b>Tower\u00a0<\/b><\/span><span style=\"color: #e63095;\"><b>Icara\u00ed\u00a0<\/b><\/span><span style=\"color: #e63095;\"><b>Hotel\u00a0<\/b><\/span><\/h4>\n<p><span style=\"font-weight: 400;\">Tower Icara\u00ed Hotel &#8211; Av. Alm. Ary Parreiras, 12 &#8211; Icara\u00ed, Niter\u00f3i<\/span><\/p>\n<p><span style=\"font-weight: 400;\">Website: <a href=\"https:\/\/www.towerhotel.com.br\/\">https:\/\/www.towerhotel.com.br\/\u00a0<\/a><\/span><\/p>\n<p><span style=\"font-weight: 400;\">Route from Tower Icara\u00ed to IC\/UFF &#8211; <a href=\"https:\/\/maps.app.goo.gl\/xBPVMKkuVPDNGYTY8\">https:\/\/maps.app.goo.gl\/xBPVMKkuVPDNGYTY8<\/a><\/span><\/p>\n<h4><span style=\"color: #e63095;\"><b>Icara\u00ed <\/b><\/span><span style=\"color: #e63095;\"><b>Suites\u00a0<\/b><\/span><\/h4>\n<p><span style=\"font-weight: 400;\">Icara\u00ed Suites &#8211; Rua Mariz e Barros, 147 &#8211; Icara\u00ed, Niter\u00f3i\/RJ<\/span><\/p>\n<p>WebSite: <a href=\"https:\/\/www.icaraisuites.com.br\/\">https:\/\/www.icaraisuites.com.br\/<\/a><\/p>\n<p><span style=\"font-weight: 400;\">E-mail: contato@icaraisuites.com.br<\/span><\/p>\n<p><span style=\"font-weight: 400;\">Whatsapp: +55-21-3587-3331<\/span><\/p>\n<p><span style=\"font-weight: 400;\">Route from Icara\u00ed Suites to IC\/UFF &#8211; <a href=\"https:\/\/maps.app.goo.gl\/D5tbz7jL793krKiZA\">https:\/\/maps.app.goo.gl\/D5tbz7jL793krKiZA<\/a><\/span><\/p>\n<p>\u00a0<\/p>\n<p><!-- \/wp:paragraph --><!-- wp:html --><!-- \/wp:paragraph --><!-- wp:html --><\/p>\n<hr \/>\n<p><!-- \/wp:html --><\/p>\t\t\t\t\t\t<\/div>\n\t\t\t\t<\/div>\n\t\t\t\t\t<\/div>\n\t\t<\/div>\n\t\t\t\t\t<\/div>\n\t\t<\/section>\n\t\t\t\t<\/div>\n\t\t","protected":false},"excerpt":{"rendered":"<p>Accommodation This page contains a list of suggestions of hotels close to the conference venue. The address of the conference venue is: \ud83d\udd17\u00a0Institute of Computing, UFF,Niter\u00f3i, Rio de Janeiro This page contains a list of suggestions of hotels close to the conference venue. Hotel H H Niter\u00f3i Hotel, R. Dr. Paulo Alves, 14 \u2013 Ing\u00e1, [&hellip;]<\/p>\n","protected":false},"author":1,"featured_media":0,"parent":0,"menu_order":0,"comment_status":"closed","ping_status":"closed","template":"","meta":{"footnotes":""},"class_list":["post-536","page","type-page","status-publish","hentry"],"_links":{"self":[{"href":"https:\/\/imx.acm.org\/2025\/wp-json\/wp\/v2\/pages\/536","targetHints":{"allow":["GET"]}}],"collection":[{"href":"https:\/\/imx.acm.org\/2025\/wp-json\/wp\/v2\/pages"}],"about":[{"href":"https:\/\/imx.acm.org\/2025\/wp-json\/wp\/v2\/types\/page"}],"author":[{"embeddable":true,"href":"https:\/\/imx.acm.org\/2025\/wp-json\/wp\/v2\/users\/1"}],"replies":[{"embeddable":true,"href":"https:\/\/imx.acm.org\/2025\/wp-json\/wp\/v2\/comments?post=536"}],"version-history":[{"count":129,"href":"https:\/\/imx.acm.org\/2025\/wp-json\/wp\/v2\/pages\/536\/revisions"}],"predecessor-version":[{"id":6840,"href":"https:\/\/imx.acm.org\/2025\/wp-json\/wp\/v2\/pages\/536\/revisions\/6840"}],"wp:attachment":[{"href":"https:\/\/imx.acm.org\/2025\/wp-json\/wp\/v2\/media?parent=536"}],"curies":[{"name":"wp","href":"https:\/\/api.w.org\/{rel}","templated":true}]}}