{"id":1140,"date":"2022-04-06T07:23:21","date_gmt":"2022-04-06T07:23:21","guid":{"rendered":"https:\/\/imx.acm.org\/2022\/?page_id=1140"},"modified":"2023-06-09T07:59:51","modified_gmt":"2023-06-09T07:59:51","slug":"registration","status":"publish","type":"page","link":"https:\/\/imx.acm.org\/2023\/attending\/registration\/","title":{"rendered":"Registration"},"content":{"rendered":"\t\t<div data-elementor-type=\"wp-page\" data-elementor-id=\"1140\" class=\"elementor elementor-1140\">\n\t\t\t\t\t\t\t\t\t<section class=\"elementor-section elementor-top-section elementor-element elementor-element-2ced5f76 elementor-section-boxed elementor-section-height-default elementor-section-height-default\" data-id=\"2ced5f76\" data-element_type=\"section\">\n\t\t\t\t\t\t<div class=\"elementor-container elementor-column-gap-default\">\n\t\t\t\t\t<div class=\"elementor-column elementor-col-100 elementor-top-column elementor-element elementor-element-558656b5\" data-id=\"558656b5\" data-element_type=\"column\">\n\t\t\t<div class=\"elementor-widget-wrap elementor-element-populated\">\n\t\t\t\t\t\t\t\t<div class=\"elementor-element elementor-element-19be6a1e elementor-widget elementor-widget-text-editor\" data-id=\"19be6a1e\" data-element_type=\"widget\" data-widget_type=\"text-editor.default\">\n\t\t\t\t<div class=\"elementor-widget-container\">\n\t\t\t<style>\/*! elementor - v3.12.1 - 02-04-2023 *\/\n.elementor-widget-text-editor.elementor-drop-cap-view-stacked .elementor-drop-cap{background-color:#69727d;color:#fff}.elementor-widget-text-editor.elementor-drop-cap-view-framed .elementor-drop-cap{color:#69727d;border:3px solid;background-color:transparent}.elementor-widget-text-editor:not(.elementor-drop-cap-view-default) .elementor-drop-cap{margin-top:8px}.elementor-widget-text-editor:not(.elementor-drop-cap-view-default) .elementor-drop-cap-letter{width:1em;height:1em}.elementor-widget-text-editor .elementor-drop-cap{float:left;text-align:center;line-height:1;font-size:50px}.elementor-widget-text-editor .elementor-drop-cap-letter{display:inline-block}<\/style>\t\t\t\t<p><!-- wp:group --><\/p>\n<div class=\"wp-block-buttons\">\n<div>\u00a0<\/div>\n<p><!-- \/wp:button --><\/p>\n<\/div>\n<p><!-- \/wp:buttons --><!-- wp:columns --><\/p>\n<div class=\"wp-block-columns\">\n<p><!-- wp:column {\"width\":\"100%\"} --><\/p>\n<div class=\"wp-block-column\" style=\"flex-basis: 100%;\">\n<p><!-- wp:group --><\/p>\n<div class=\"wp-block-group\">\n<p><!-- wp:group --><\/p>\n<div class=\"wp-block-group\">\n<p><!-- wp:group --><\/p>\n<div class=\"wp-block-group\">\n<p><!-- wp:html --><\/p>\n<p class=\"has-black-color has-text-color has-background\" style=\"background-color: #d8dbdf; padding-left: 30px;\"><span style=\"font-family: Open Sans;\"><strong>Important information<br \/><br \/><\/strong><\/span><span style=\"font-family: 'Open Sans';\">\u2022 Each attendee must <strong>register separately<\/strong>.<\/span><br \/><span style=\"font-family: 'Open Sans';\">\u2022 Each conference contribution must be covered by at least <strong>one unique full non-student conference registration<\/strong>. This is valid for Long and Short papers as well as Work in Progress, Demo and IMX-in-Industry submissions. However, DC papers can be covered with a student registration.<br \/>\u2022 Workshop papers must be covered by either <strong>a full non-student conference registration, or by a full non-student non-virtual workshop registration<\/strong> (i.e. Monday 12th).<br \/><\/span><span style=\"font-family: 'Open Sans';\">\u2022 In order to attend workshops, you must at least have a workshop registration.<\/span><br \/><span style=\"font-family: 'Open Sans';\">\u2022 Registering for the <strong>full conference<\/strong> gives access to all workshops on June 12.<br \/><\/span><span style=\"font-family: 'Open Sans';\">\u2022 All registration prices <strong>include VAT<\/strong>.<\/span><br \/><span style=\"font-family: 'Open Sans';\">\u2022 Special Rates for Individuals in <span style=\"color: #e63095;\"><strong><a style=\"background-color: inherit; font-family: inherit; font-size: 1rem; color: #e63095;\" href=\"https:\/\/services.acm.org\/public\/qj\/proflevel\/countryListing.cfm?promo=PWEBTOP&amp;form_type=Professional\" target=\"_blank\" rel=\"noopener\">Economically Developing Countries<\/a><\/strong><\/span> are offered, considering the location of the institution.<\/span><br \/><span style=\"font-family: 'Open Sans';\">\u2022 Info for Doctoral Consortium Participants and Student Volunteers will be published soon.<\/span><br \/><span style=\"font-family: 'Open Sans';\">\u2022 Please, check the ACM IMX 2023 <span style=\"color: #e63095;\"><strong><a style=\"background-color: inherit; font-family: inherit; font-size: 1rem; color: #e63095;\" href=\"https:\/\/imx.acm.org\/2023\/equity\/diversity-inclusion-and-student-grants\/\" target=\"_blank\" rel=\"noopener\">Diversity, Inclusion, and Student\/Carrer Grants<\/a><\/strong><\/span>.<\/span><br \/><span style=\"font-family: 'Open Sans';\">\u2022 <strong>Registration platform<\/strong> is now open.<\/span><\/p>\n<p><!-- \/wp:html --><\/p>\n<\/div>\n<p><!-- \/wp:group --><\/p>\n<\/div>\n<p><!-- \/wp:group --><\/p>\n<\/div>\n<p><!-- \/wp:group --><\/p>\n<\/div>\n<p><!-- \/wp:column --><\/p>\n<\/div>\n<p><!-- \/wp:columns --><!-- wp:paragraph --><\/p>\n<p>However, we know that you may have a unique set of circumstances which does not fit into existing processes so please contact our Diversity &amp; Inclusion chairs for more information and to discuss your needs: <a href=\"mailto:diversity@imx2023.com\" target=\"_blank\" rel=\"noopener\">diversity@imx2023.com<\/a>. In the meantime, here is an overall indication of the registration fee plan for the conference this year.<\/p>\n<p>May you require a letter for your <strong>visa application<\/strong> to attend the conference, please read the following. You first need to register on CVENT; do not forget to click on &#8220;Yes&#8221; when asked &#8220;Do you require a Visa Support Letter&#8221;. You will then be asked to send an email to ACM in order to receive your invitation letter.<\/p>\n<p><!-- \/wp:paragraph --><!-- wp:group {\"align\":\"wide\"} --><\/p>\n<div class=\"wp-block-group alignwide\">\n<p><!-- wp:group {\"align\":\"wide\"} --><\/p>\n<div class=\"wp-block-group alignwide\">\n<p><!-- wp:tadv\/classic-paragraph --><\/p>\n<table class=\" aligncenter\" style=\"height: 486px; width: 100%; border-width: thin; border-style: hidden;\" cellpadding=\"0\"><caption>\u00a0<\/caption>\n<tbody>\n<tr style=\"border-width: 1px; border-color: #fffffff;\">\n<td style=\"border-image: initial; width: 24.9191%; height: 76px; background-color: #e7e4e4; text-align: center; vertical-align: middle;\" rowspan=\"2\"><span style=\"color: #e83095;\"><strong>\u00a0\u00a0Registration type<\/strong><\/span><\/td>\n<td style=\"background-color: #e7e4e4; text-align: center; height: 25px; width: 66.0194%;\" colspan=\"3\">\u00a0\u00a0\u00a0<strong>Early<\/strong> (<em>until May 18<\/em>)<\/td>\n<td style=\"background-color: #e7e4e4; text-align: center; height: 25px; width: 88.1069%;\" colspan=\"3\">\u00a0\u00a0<strong>\u00a0Standard<\/strong> (<em>until June 2<\/em>)<\/td>\n<td style=\"background-color: #e7e4e4; text-align: center; height: 25px; width: 75.8092%;\" colspan=\"3\">\u00a0<strong>Late<\/strong> (<em>after June 2<\/em>)<\/td>\n<\/tr>\n<tr style=\"border-width: 1px; border-color: #fffffff;\">\n<td style=\"background-color: #e7e4e4; text-align: center; width: 1.61812%; height: 51px;\"><span style=\"color: #e83095;\"><strong>Conference<\/strong><\/span><\/td>\n<td style=\"background-color: #e7e4e4; text-align: center; width: 45.9546%; height: 51px;\"><span style=\"color: #e83095;\"><b>Monday workshops<br \/>only<\/b><\/span><\/td>\n<td style=\"background-color: #e7e4e4; text-align: center; width: 18.4467%;\"><span style=\"color: #e83095;\"><b>Thursday workshop only<\/b><\/span><\/td>\n<td style=\"background-color: #e7e4e4; text-align: center; width: 28.6408%; height: 51px;\"><span style=\"color: #e83095;\">\u00a0<strong>Conference<\/strong><\/span><\/td>\n<td style=\"background-color: #e7e4e4; text-align: center; width: 10.2751%; height: 51px;\"><span style=\"color: #e83095;\">\u00a0<strong>Monday workshops only<\/strong><\/span><\/td>\n<td style=\"background-color: #e7e4e4; text-align: center; width: 49.191%;\"><strong><span style=\"color: #e83095;\">Thursday workshop only<\/span><\/strong><\/td>\n<td style=\"background-color: #e7e4e4; text-align: center; width: 11.5696%; height: 51px;\"><span style=\"color: #e83095;\"><strong>Conference<\/strong>\u00a0<\/span><\/td>\n<td style=\"background-color: #e7e4e4; text-align: center; width: 20.5502%; height: 51px;\"><span style=\"color: #e83095;\"><strong>Monday workshops<br \/>only<\/strong><\/span><\/td>\n<td style=\"background-color: #e7e4e4; text-align: center; width: 43.6894%;\"><span style=\"color: #e83095;\"><strong>Thursday workshop only<\/strong><\/span><\/td>\n<\/tr>\n<tr style=\"height: 25px;\">\n<td style=\"background-color: #d0e8f1; width: 24.9191%; height: 25px;\"><strong>Members<\/strong><\/td>\n<td style=\"background-color: #d0e8f1; text-align: center; vertical-align: middle; width: 1.61812%; height: 25px;\">600\u20ac<\/td>\n<td style=\"background-color: #d0e8f1; text-align: center; vertical-align: middle; width: 45.9546%; height: 25px;\">145\u20ac<\/td>\n<td style=\"background-color: #d0e8f1; text-align: center; vertical-align: middle; width: 18.4467%;\">70\u20ac<\/td>\n<td style=\"background-color: #d0e8f1; text-align: center; vertical-align: middle; width: 28.6408%; height: 25px;\">650\u20ac<\/td>\n<td style=\"background-color: #d0e8f1; text-align: center; vertical-align: middle; width: 10.2751%; height: 25px;\">160\u20ac<\/td>\n<td style=\"background-color: #d0e8f1; text-align: center; vertical-align: middle; width: 49.191%;\">85\u20ac<\/td>\n<td style=\"background-color: #d0e8f1; text-align: center; vertical-align: middle; width: 11.5696%; height: 25px;\">700\u20ac<\/td>\n<td style=\"background-color: #d0e8f1; text-align: center; vertical-align: middle; width: 20.5502%; height: 25px;\">180\u20ac<\/td>\n<td style=\"background-color: #d0e8f1; text-align: center; vertical-align: middle; width: 43.6894%;\">100\u20ac<\/td>\n<\/tr>\n<tr style=\"height: 51px;\">\n<td style=\"width: 24.9191%; height: 51px;\"><strong>Non-members<\/strong><\/td>\n<td style=\"border-image: initial; text-align: center; vertical-align: middle; width: 1.61812%; height: 51px;\">\u00a0650\u20ac<\/td>\n<td style=\"border-image: initial; text-align: center; vertical-align: middle; width: 45.9546%; height: 51px;\">160\u20ac<\/td>\n<td style=\"border-image: initial; text-align: center; vertical-align: middle; width: 18.4467%;\">85\u20ac<\/td>\n<td style=\"border-image: initial; text-align: center; vertical-align: middle; width: 28.6408%; height: 51px;\">700\u20ac<\/td>\n<td style=\"text-align: center; vertical-align: middle; width: 10.2751%; height: 51px;\">180\u20ac<\/td>\n<td style=\"text-align: center; vertical-align: middle; width: 49.191%;\">100\u20ac<\/td>\n<td style=\"text-align: center; vertical-align: middle; width: 11.5696%; height: 51px;\">750\u20ac<\/td>\n<td style=\"text-align: center; vertical-align: middle; width: 20.5502%; height: 51px;\">195\u20ac<\/td>\n<td style=\"text-align: center; vertical-align: middle; width: 43.6894%;\">115\u20ac<\/td>\n<\/tr>\n<tr style=\"height: 103px;\">\n<td style=\"background-color: #d0e8f1; width: 24.9191%; height: 103px;\"><strong>Members from developing countries<\/strong><\/td>\n<td style=\"background-color: #d0e8f1; text-align: center; vertical-align: middle; width: 1.61812%; height: 103px;\">250\u20ac\u00a0<\/td>\n<td style=\"background-color: #d0e8f1; text-align: center; vertical-align: middle; width: 45.9546%; height: 103px;\">30\u20ac<\/td>\n<td style=\"background-color: #d0e8f1; text-align: center; vertical-align: middle; width: 18.4467%;\">15\u20ac<\/td>\n<td style=\"background-color: #d0e8f1; text-align: center; vertical-align: middle; width: 28.6408%; height: 103px;\">300\u20ac<\/td>\n<td style=\"background-color: #d0e8f1; text-align: center; vertical-align: middle; width: 10.2751%; height: 103px;\">45\u20ac<\/td>\n<td style=\"background-color: #d0e8f1; text-align: center; vertical-align: middle; width: 49.191%;\">30\u20ac<\/td>\n<td style=\"background-color: #d0e8f1; text-align: center; vertical-align: middle; width: 11.5696%; height: 103px;\">350\u20ac<\/td>\n<td style=\"background-color: #d0e8f1; text-align: center; vertical-align: middle; width: 20.5502%; height: 103px;\">60\u20ac<\/td>\n<td style=\"background-color: #d0e8f1; text-align: center; vertical-align: middle; width: 43.6894%;\">45\u20ac<\/td>\n<\/tr>\n<tr style=\"height: 129px;\">\n<td style=\"width: 24.9191%; height: 129px;\"><strong>Non-members<\/strong><strong>\u00a0 from developing countries<\/strong><\/td>\n<td style=\"border-image: initial; text-align: center; vertical-align: middle; width: 1.61812%; height: 129px;\">\u00a0275\u20ac<\/td>\n<td style=\"border-image: initial; text-align: center; vertical-align: middle; width: 45.9546%; height: 129px;\">45\u20ac<\/td>\n<td style=\"border-image: initial; text-align: center; vertical-align: middle; width: 18.4467%;\">30\u20ac<\/td>\n<td style=\"border-image: initial; text-align: center; vertical-align: middle; width: 28.6408%; height: 129px;\">325\u20ac<\/td>\n<td style=\"text-align: center; vertical-align: middle; width: 10.2751%; height: 129px;\">60\u20ac<\/td>\n<td style=\"text-align: center; vertical-align: middle; width: 49.191%;\">15\u20ac<\/td>\n<td style=\"text-align: center; vertical-align: middle; width: 11.5696%; height: 129px;\">375\u20ac<\/td>\n<td style=\"text-align: center; vertical-align: middle; width: 20.5502%; height: 129px;\">75\u20ac<\/td>\n<td style=\"text-align: center; vertical-align: middle; width: 43.6894%;\">60\u20ac<\/td>\n<\/tr>\n<tr style=\"height: 51px;\">\n<td style=\"background-color: #d0e8f1; width: 24.9191%; height: 51px;\"><strong>Member students<\/strong><\/td>\n<td style=\"background-color: #d0e8f1; text-align: center; vertical-align: middle; width: 1.61812%; height: 51px;\">250\u20ac<\/td>\n<td style=\"background-color: #d0e8f1; text-align: center; vertical-align: middle; width: 45.9546%; height: 51px;\">30\u20ac<\/td>\n<td style=\"background-color: #d0e8f1; text-align: center; vertical-align: middle; width: 18.4467%;\">15\u20ac<\/td>\n<td style=\"background-color: #d0e8f1; text-align: center; vertical-align: middle; width: 28.6408%; height: 51px;\">300\u20ac<\/td>\n<td style=\"background-color: #d0e8f1; text-align: center; vertical-align: middle; width: 10.2751%; height: 51px;\">45\u20ac<\/td>\n<td style=\"background-color: #d0e8f1; text-align: center; vertical-align: middle; width: 49.191%;\">30\u20ac<\/td>\n<td style=\"background-color: #d0e8f1; text-align: center; vertical-align: middle; width: 11.5696%; height: 51px;\">350\u20ac<\/td>\n<td style=\"background-color: #d0e8f1; text-align: center; vertical-align: middle; width: 20.5502%; height: 51px;\">60\u20ac<\/td>\n<td style=\"background-color: #d0e8f1; text-align: center; vertical-align: middle; width: 43.6894%;\">45\u20ac<\/td>\n<\/tr>\n<tr style=\"height: 51px;\">\n<td style=\"width: 24.9191%; height: 51px;\"><strong>Non-member students<\/strong><\/td>\n<td style=\"border-image: initial; text-align: center; vertical-align: middle; width: 1.61812%; height: 51px;\">275\u20ac<\/td>\n<td style=\"border-image: initial; text-align: center; vertical-align: middle; width: 45.9546%; height: 51px;\">45\u20ac<\/td>\n<td style=\"border-image: initial; text-align: center; vertical-align: middle; width: 18.4467%;\">30\u20ac<\/td>\n<td style=\"border-image: initial; text-align: center; vertical-align: middle; width: 28.6408%; height: 51px;\">325\u20ac<\/td>\n<td style=\"border-image: initial; text-align: center; vertical-align: middle; width: 10.2751%; height: 51px;\">60\u20ac<\/td>\n<td style=\"border-image: initial; text-align: center; vertical-align: middle; width: 49.191%;\">45\u20ac<\/td>\n<td style=\"text-align: center; vertical-align: middle; width: 11.5696%; height: 51px;\">375\u20ac<\/td>\n<td style=\"text-align: center; vertical-align: middle; width: 20.5502%; height: 51px;\">75\u20ac<\/td>\n<td style=\"text-align: center; vertical-align: middle; width: 43.6894%;\">60\u20ac<\/td>\n<\/tr>\n<\/tbody>\n<\/table>\n<p><!-- \/wp:tadv\/classic-paragraph --><\/p>\n<\/div>\n<p><!-- \/wp:group --><\/p>\n<\/div>\n<p><!-- \/wp:group --><!-- wp:group --><\/p>\n<div class=\"wp-block-group\">\u00a0<\/div>\n<p><!-- \/wp:group --><!-- wp:paragraph --><\/p>\n<p><!-- \/wp:paragraph --><!-- wp:paragraph --><\/p>\n<p>\u00a0<\/p>\n<p>\u00a0<\/p>\n<p>\u00a0<\/p>\n<p>\u00a0<\/p>\n<p>\u00a0<\/p>\n<p>\u00a0<\/p>\n<p>If you have already registered and you want to modify your registration (e.g. change registration name) please send an email to:\u00a0<a href=\"mailto:registration@imx2023.com\" target=\"_blank\" rel=\"noopener\">registration@imx2023.com<\/a> with your registration details and any modification request.<\/p>\n<p><!-- \/wp:paragraph --><!-- wp:heading --><\/p>\n<h2 class=\"wp-block-heading\">Contacts<\/h2>\n<p><!-- \/wp:heading --><!-- wp:html --><\/p>\n<p class=\"has-black-color has-text-color has-background\" style=\"background-color: #d8dbdf; padding-left: 30px;\"><span style=\"font-family: 'Open Sans';\">For further details, please get in touch with:<br \/><br \/>\u2022 <strong>Diversity Chairs<\/strong> at: <span style=\"color: #ff00ff;\"><strong><a style=\"color: #e63095;\" href=\"mailto:diversity@imx2023.com\" target=\"_blank\" rel=\"noopener\">diversity@imx2023.com<\/a><br \/><\/strong><span style=\"font-family: 'Open Sans'; color: #3996b8;\">Lucile Sassatelli, Universit\u00e9 C\u00f4te d&#8217;Azur, France<br \/>Fr\u00e9d\u00e9rique Krupa, \u00c9cole de Design Nantes Atlantique, France<br \/><br \/><\/span><\/span>\u2022 <strong>General Chairs<\/strong> at: <span style=\"color: #ff00ff;\"><strong><a style=\"color: #e63095;\" href=\"mailto:generalchairs@imx2023.com\" target=\"_blank\" rel=\"noopener\">generalchairs@imx2023.com<\/a><\/strong><\/span><br \/><span style=\"color: #3996b8;\">Patrick Le Callet, Nantes Universit\u00e9, France<\/span><br \/><span style=\"font-family: 'Open Sans'; color: #3996b8;\">Matthieu Perreira Da Silva, <span style=\"color: #3996b8;\">Nantes Universit\u00e9, France<\/span><\/span><\/span><\/p>\n<p><!-- \/wp:html --><!-- wp:paragraph --><\/p>\n<p><!-- \/wp:paragraph --><\/p>\t\t\t\t\t\t<\/div>\n\t\t\t\t<\/div>\n\t\t\t\t\t<\/div>\n\t\t<\/div>\n\t\t\t\t\t\t\t<\/div>\n\t\t<\/section>\n\t\t\t\t\t\t\t<\/div>\n\t\t","protected":false},"excerpt":{"rendered":"<p>\u00a0 Important information \u2022 Each attendee must register separately.\u2022 Each conference contribution must be covered by at least one unique full non-student conference registration. This is valid for Long and Short papers as well as Work in Progress, Demo and IMX-in-Industry submissions. However, DC papers can be covered with a student registration.\u2022 Workshop papers must [&hellip;]<\/p>\n","protected":false},"author":1,"featured_media":0,"parent":39,"menu_order":0,"comment_status":"closed","ping_status":"closed","template":"","meta":{"footnotes":""},"class_list":["post-1140","page","type-page","status-publish","hentry"],"_links":{"self":[{"href":"https:\/\/imx.acm.org\/2023\/wp-json\/wp\/v2\/pages\/1140","targetHints":{"allow":["GET"]}}],"collection":[{"href":"https:\/\/imx.acm.org\/2023\/wp-json\/wp\/v2\/pages"}],"about":[{"href":"https:\/\/imx.acm.org\/2023\/wp-json\/wp\/v2\/types\/page"}],"author":[{"embeddable":true,"href":"https:\/\/imx.acm.org\/2023\/wp-json\/wp\/v2\/users\/1"}],"replies":[{"embeddable":true,"href":"https:\/\/imx.acm.org\/2023\/wp-json\/wp\/v2\/comments?post=1140"}],"version-history":[{"count":198,"href":"https:\/\/imx.acm.org\/2023\/wp-json\/wp\/v2\/pages\/1140\/revisions"}],"predecessor-version":[{"id":3449,"href":"https:\/\/imx.acm.org\/2023\/wp-json\/wp\/v2\/pages\/1140\/revisions\/3449"}],"up":[{"embeddable":true,"href":"https:\/\/imx.acm.org\/2023\/wp-json\/wp\/v2\/pages\/39"}],"wp:attachment":[{"href":"https:\/\/imx.acm.org\/2023\/wp-json\/wp\/v2\/media?parent=1140"}],"curies":[{"name":"wp","href":"https:\/\/api.w.org\/{rel}","templated":true}]}}