{"id":94,"date":"2021-09-25T18:10:16","date_gmt":"2021-09-25T18:10:16","guid":{"rendered":"https:\/\/imx.acm.org\/2022\/?page_id=94"},"modified":"2022-05-13T10:30:32","modified_gmt":"2022-05-13T10:30:32","slug":"associate-chairs","status":"publish","type":"page","link":"https:\/\/imx.acm.org\/2022\/committees\/associate-chairs\/","title":{"rendered":"Associate Chairs"},"content":{"rendered":"\n<div class=\"wp-block-group\"><div class=\"wp-block-group__inner-container is-layout-flow wp-block-group-is-layout-flow\">        <div class=\"breadcrumb-container theme1\">\n                    <ol>\n                    <\/ol>\n        <script type=\"application\/ld+json\">\n        {\n            \"@context\": \"http:\/\/schema.org\",\n            \"@type\": \"BreadcrumbList\",\n            \"itemListElement\": [\n                            ]\n        }\n    <\/script>\n    <style type=\"text\/css\">\n        .breadcrumb-container {\n            font-size: 13px;\n        }\n\n        .breadcrumb-container ul {\n            margin: 0;\n            padding: 0;\n        }\n\n        .breadcrumb-container li {\n            box-sizing: unset;\n            display: inline-block;\n            margin: 0;\n            padding: 0;\n        }\n\n        .breadcrumb-container li a {\n            box-sizing: unset;\n            padding: 0 10px;\n        }\n\n        .breadcrumb-container {\n            font-size: 14px !important;\n            padding: 0px 0px 5px;\n            margin: 1px;\n        }\n\n        .breadcrumb-container li a {\n            color: #000000 !important;\n            font-size: 14px !important;\n            line-height: 14px !important;\n        }\n\n        .breadcrumb-container li .separator {\n            color: #eb2e94 !important;\n            font-size: 14px !important;\n        }\n\n        .breadcrumb-container li:last-child .separator {\n            display: none;\n        }\n\n            <\/style>\n    <style type=\"text\/css\">\n        .breadcrumb-container.theme1 li {\n            margin: 0;\n            padding: 0;\n        }\n        .breadcrumb-container.theme1 a {\n            background: #ffffff;\n            display: inline-block;\n            margin: 0 5px;\n            padding: 5px 10px;\n            text-decoration: none;\n        }\n    <\/style>\n        <style type=\"text\/css\">\n            <\/style>\n    <script>\n            <\/script>\n        <\/div>\n        \n<\/div><\/div>\n\n\n\n<div class=\"wp-block-group alignwide\"><div class=\"wp-block-group__inner-container is-layout-flow wp-block-group-is-layout-flow\"><\/div><\/div>\n\n\n\n<div class=\"wp-block-group alignwide\"><div class=\"wp-block-group__inner-container is-layout-flow wp-block-group-is-layout-flow\">\n<div class=\"wp-block-group\"><div class=\"wp-block-group__inner-container is-layout-flow wp-block-group-is-layout-flow\">\n<div class=\"wp-block-group\"><div class=\"wp-block-group__inner-container is-layout-flow wp-block-group-is-layout-flow\">\n<div class=\"wp-block-columns alignwide is-layout-flex wp-container-core-columns-is-layout-9d6595d7 wp-block-columns-is-layout-flex\">\n<div class=\"wp-block-column is-layout-flow wp-block-column-is-layout-flow\" style=\"flex-basis:100%\"><\/div>\n<\/div>\n<\/div><\/div>\n<\/div><\/div>\n<\/div><\/div>\n\n\n\n<div class=\"wp-block-group\"><div class=\"wp-block-group__inner-container is-layout-flow wp-block-group-is-layout-flow\">\n<p><strong>CONFIRMED CHAIRS<\/strong><\/p>\n\n\n\n<p>The committee of IMX Associate Chairs (AC) is assembled through a balanced combination of direct invitations and open applications. <\/p>\n\n\n\n<p><strong>Ahmet B\u00f6r\u00fctecene<\/strong>,&nbsp;Link\u00f6ping University, Sweden.<br> <strong>C\u00e9line JOST<\/strong>,&nbsp;Universit\u00e9 Paris 8, France. <br><strong>Kyoungwon Seo<\/strong>,&nbsp;Seoul National University of Science and Technology, Republic of Korea.<br> <strong>Bektur Ryskeldiev<\/strong>,&nbsp;University of Tsukuba, Japan.<br> <strong>Irene Viola<\/strong>, Centrum Wiskunde &amp; Informatica (CWI),&nbsp;Netherlands.<br> <strong>Morten Fjeld<\/strong>,&nbsp;Chalmers University, Sweden and University of Bergen, Norway. <br><strong>Heike Winschiers-Theophilus<\/strong>,&nbsp;Namibia University of Science &amp; Technology,&nbsp;Namibia.<br> <strong>Elahe Kani-Zabihi<\/strong>,&nbsp;University of West London, UK.<br> <strong>Jonathan Hook<\/strong>,&nbsp;University of York, UK. <br><strong>Daniel Sim\u00f5es Lopes<\/strong>, T\u00e9cnico Lisboa, Universidade de Lisboa,&nbsp;Portugal. <br><strong>Alan Guedes<\/strong>,&nbsp;University College London, UK.<br><strong>Eunil Park<\/strong>,&nbsp;Sungkyunkwan University, Republic of Korea. <br><strong>Wenge Xu<\/strong>,&nbsp;Birmingham City University, UK.<br><strong>Z O. Toups<\/strong>,&nbsp;New Mexico State University, USA. <br><strong>Roberto Willrich<\/strong>,&nbsp;Federal University of Santa Catarina, Brazil.<br><strong>Frank Bentley<\/strong>,&nbsp;Google, USA. <br><strong>Michael Crabb<\/strong>,&nbsp;Dundee University, UK. <\/p>\n\n\n\n<p><\/p>\n<\/div><\/div>\n\n\n\n<div class=\"wp-block-group alignfull\"><div class=\"wp-block-group__inner-container is-layout-flow wp-block-group-is-layout-flow\">\n<div class=\"wp-block-group alignfull\"><div class=\"wp-block-group__inner-container is-layout-flow wp-block-group-is-layout-flow\">\n<div class=\"wp-block-group alignfull\"><div class=\"wp-block-group__inner-container is-layout-flow wp-block-group-is-layout-flow\">\n<div class=\"wp-block-group\"><div class=\"wp-block-group__inner-container is-layout-flow wp-block-group-is-layout-flow\"><\/div><\/div>\n<\/div><\/div>\n<\/div><\/div>\n<\/div><\/div>\n\n\n\n<p><\/p>\n","protected":false},"excerpt":{"rendered":"<p>CONFIRMED CHAIRS The committee of IMX Associate Chairs (AC) is assembled through a balanced combination of direct invitations and open applications. Ahmet B\u00f6r\u00fctecene,&nbsp;Link\u00f6ping University, Sweden. C\u00e9line JOST,&nbsp;Universit\u00e9 Paris 8, France. Kyoungwon Seo,&nbsp;Seoul National University of Science and Technology, Republic of Korea. Bektur Ryskeldiev,&nbsp;University of Tsukuba, Japan. Irene Viola, Centrum Wiskunde &amp; Informatica (CWI),&nbsp;Netherlands. Morten Fjeld,&nbsp;Chalmers [&hellip;]<\/p>\n","protected":false},"author":1,"featured_media":0,"parent":45,"menu_order":0,"comment_status":"closed","ping_status":"closed","template":"","meta":{"footnotes":""},"class_list":["post-94","page","type-page","status-publish","hentry"],"_links":{"self":[{"href":"https:\/\/imx.acm.org\/2022\/wp-json\/wp\/v2\/pages\/94","targetHints":{"allow":["GET"]}}],"collection":[{"href":"https:\/\/imx.acm.org\/2022\/wp-json\/wp\/v2\/pages"}],"about":[{"href":"https:\/\/imx.acm.org\/2022\/wp-json\/wp\/v2\/types\/page"}],"author":[{"embeddable":true,"href":"https:\/\/imx.acm.org\/2022\/wp-json\/wp\/v2\/users\/1"}],"replies":[{"embeddable":true,"href":"https:\/\/imx.acm.org\/2022\/wp-json\/wp\/v2\/comments?post=94"}],"version-history":[{"count":58,"href":"https:\/\/imx.acm.org\/2022\/wp-json\/wp\/v2\/pages\/94\/revisions"}],"predecessor-version":[{"id":1354,"href":"https:\/\/imx.acm.org\/2022\/wp-json\/wp\/v2\/pages\/94\/revisions\/1354"}],"up":[{"embeddable":true,"href":"https:\/\/imx.acm.org\/2022\/wp-json\/wp\/v2\/pages\/45"}],"wp:attachment":[{"href":"https:\/\/imx.acm.org\/2022\/wp-json\/wp\/v2\/media?parent=94"}],"curies":[{"name":"wp","href":"https:\/\/api.w.org\/{rel}","templated":true}]}}