{"id":1140,"date":"2022-04-06T07:23:21","date_gmt":"2022-04-06T07:23:21","guid":{"rendered":"https:\/\/imx.acm.org\/2022\/?page_id=1140"},"modified":"2022-06-10T09:47:40","modified_gmt":"2022-06-10T09:47:40","slug":"registration","status":"publish","type":"page","link":"https:\/\/imx.acm.org\/2022\/attending\/registration\/","title":{"rendered":"Registration"},"content":{"rendered":"\n<div class=\"wp-block-group\"><div class=\"wp-block-group__inner-container is-layout-flow wp-block-group-is-layout-flow\">        <div class=\"breadcrumb-container theme1\">\n                    <ol>\n                    <\/ol>\n        <script type=\"application\/ld+json\">\n        {\n            \"@context\": \"http:\/\/schema.org\",\n            \"@type\": \"BreadcrumbList\",\n            \"itemListElement\": [\n                            ]\n        }\n    <\/script>\n    <style type=\"text\/css\">\n        .breadcrumb-container {\n            font-size: 13px;\n        }\n\n        .breadcrumb-container ul {\n            margin: 0;\n            padding: 0;\n        }\n\n        .breadcrumb-container li {\n            box-sizing: unset;\n            display: inline-block;\n            margin: 0;\n            padding: 0;\n        }\n\n        .breadcrumb-container li a {\n            box-sizing: unset;\n            padding: 0 10px;\n        }\n\n        .breadcrumb-container {\n            font-size: 14px !important;\n            padding: 0px 0px 5px;\n            margin: 1px;\n        }\n\n        .breadcrumb-container li a {\n            color: #000000 !important;\n            font-size: 14px !important;\n            line-height: 14px !important;\n        }\n\n        .breadcrumb-container li .separator {\n            color: #eb2e94 !important;\n            font-size: 14px !important;\n        }\n\n        .breadcrumb-container li:last-child .separator {\n            display: none;\n        }\n\n            <\/style>\n    <style type=\"text\/css\">\n        .breadcrumb-container.theme1 li {\n            margin: 0;\n            padding: 0;\n        }\n        .breadcrumb-container.theme1 a {\n            background: #ffffff;\n            display: inline-block;\n            margin: 0 5px;\n            padding: 5px 10px;\n            text-decoration: none;\n        }\n    <\/style>\n        <style type=\"text\/css\">\n            <\/style>\n    <script>\n            <\/script>\n        <\/div>\n        \n<\/div><\/div>\n\n\n\n<div class=\"wp-block-buttons is-content-justification-center is-layout-flex wp-container-core-buttons-is-layout-16018d1d wp-block-buttons-is-layout-flex\">\n<div class=\"wp-block-button has-custom-width wp-block-button__width-50 has-custom-font-size is-style-fill has-medium-font-size\"><a class=\"wp-block-button__link has-white-color has-text-color has-background\" href=\" https:\/\/cvent.me\/e29QmZ\" style=\"border-radius:17px;background-color:#e63095\">Register for IMX 2022<\/a><\/div>\n<\/div>\n\n\n\n<div class=\"wp-block-columns is-layout-flex wp-container-core-columns-is-layout-9d6595d7 wp-block-columns-is-layout-flex\">\n<div class=\"wp-block-column is-layout-flow wp-block-column-is-layout-flow\" style=\"flex-basis:100%\">\n<div class=\"wp-block-group\"><div class=\"wp-block-group__inner-container is-layout-flow wp-block-group-is-layout-flow\">\n<div class=\"wp-block-group\"><div class=\"wp-block-group__inner-container is-layout-flow wp-block-group-is-layout-flow\">\n<div class=\"wp-block-group\"><div class=\"wp-block-group__inner-container is-layout-flow wp-block-group-is-layout-flow\">\n<p class=\"has-black-color has-text-color has-background\" style=\"background-color: #d8dbdf; padding-left: 30px;\"><span style=\"font-family: Open Sans;\"><strong>Important Information:<\/strong><\/span><br><br><span style=\"font-family: 'Open Sans';\">\u2022 Each attendee must <strong>register separately<\/strong>.<\/span><br><span style=\"font-family: 'Open Sans';\">\u2022 Each conference contribution must be covered by at least <strong>one unique full author registration<\/strong>. This is valid for Long and Short papers as well as Work in Progress, Demo and IMX-in-Industry submissions.<\/span><br><span style=\"font-family: 'Open Sans';\">\u2022 In order to attend workshops, you must at least have one workshop registration.<\/span><br><span style=\"font-family: 'Open Sans';\">\u2022 Registering for the <strong>full conference<\/strong> gives access to all workshops on June 22.<span style=\"font-family: 'Open Sans';\"><\/span><\/span><br><span style=\"font-family: 'Open Sans';\">\u2022 All registration prices <strong>include VAT<\/strong>.<\/span><br><span style=\"font-family: 'Open Sans';\">\u2022 Special Rates for Individuals in <span style=\"color: #e63095;\"><strong><a style=\"background-color: inherit; font-family: inherit; font-size: 1rem; color: #e63095;\" href=\"https:\/\/services.acm.org\/public\/qj\/proflevel\/countryListing.cfm?promo=PWEBTOP&amp;form_type=Professional\">Economically Developing Countries<\/a><\/strong><\/span> are offered, considering the location of the institution.<\/span><br><span style=\"font-family: 'Open Sans';\">\u2022 Info for Doctoral Consortium Participants and Student Volunteers will be published soon.<\/span><br><span style=\"font-family: 'Open Sans';\">\u2022 Please, check the ACM IMX 2022 <span style=\"color: #e63095;\"><strong><a style=\"background-color: inherit; font-family: inherit; font-size: 1rem; color: #e63095;\" href=\"https:\/\/imx.acm.org\/2022\/equity\/diversity-inclusion-and-student-grants\/\">Diversity, Inclusion, and Student\/Carrer Grants<\/a><\/strong><\/span>.<\/span><br><span style=\"font-family: 'Open Sans';\">\u2022 <strong>Registration platform<\/strong> is open.<\/span><br><br><\/p>\n<\/div><\/div>\n<\/div><\/div>\n<\/div><\/div>\n<\/div>\n<\/div>\n\n\n\n<p>However, we know that you may have a unique set of circumstances which doesn\u2019t fit into existing processes so please contact our diversity &amp; inclusion chairs for more information and to discuss your needs:&nbsp;<a href=\"mailto:diversity@imx2022.com\">diversity@imx2022.com<\/a>. In the mean time, here is an overall indication of the registration fee plan for the conference this year.<\/p>\n\n\n\n<div class=\"wp-block-group alignwide\"><div class=\"wp-block-group__inner-container is-layout-flow wp-block-group-is-layout-flow\">\n<div class=\"wp-block-group alignwide\"><div class=\"wp-block-group__inner-container is-layout-flow wp-block-group-is-layout-flow\">\n<table class=\" aligncenter\" style=\"height: auto; width: 100%; border-width: thin; border-color: #fffffff;\" cellpadding=\"0\"><caption>\u00a0<\/caption>\n<tbody>\n<tr style=\"border-width: 1px; border-color: #fffffff;\">\n<td style=\"border-image: initial; width: 50%; height: auto; background-color: #e7e4e4; text-align: center; vertical-align: middle;\" rowspan=\"2\"><span style=\"color: #e83095;\"><strong>\u00a0\u00a0Registration type<\/strong><\/span><\/td>\n<td style=\"background-color: #e7e4e4; text-align: center; width: 47.268%;\" colspan=\"3\">\u00a0\u00a0\u00a0<strong>Early<\/strong> (<em>until 23rd May<\/em>)<\/td>\n<td style=\"background-color: #e7e4e4; text-align: center; width: 47.268%;\" colspan=\"3\">\u00a0\u00a0<strong>\u00a0Standard<\/strong> (<em>until 13th June<\/em>)<\/td>\n<td style=\"background-color: #e7e4e4; text-align: center; width: 46.5057%;\" colspan=\"3\">\u00a0<strong>Late<\/strong><\/td>\n<\/tr>\n<tr style=\"border-width: 1px; border-color: #fffffff;\">\n<td style=\"background-color: #e7e4e4; text-align: center; width: 16.1372%;\"><span style=\"color: #e83095;\"><strong>Conference<\/strong>\u00a0<\/span><\/td>\n<td style=\"background-color: #e7e4e4; text-align: center; width: 16.1372%;\"><span style=\"color: #e83095;\"><strong>Virtual Conference<\/strong>\u00a0<\/span><\/td>\n<td style=\"background-color: #e7e4e4; text-align: center; width: 14.9936%;\"><span style=\"color: #e83095;\"><strong>Workshop<\/strong>\u00a0<\/span><\/td>\n<td style=\"background-color: #e7e4e4; text-align: center; width: 16.1372%;\"><span style=\"color: #e83095;\">\u00a0<strong>Conference<\/strong><\/span><\/td>\n<td style=\"background-color: #e7e4e4; text-align: center; width: 16.1372%;\"><span style=\"color: #e83095;\"><strong>Virtual Conference<\/strong>\u00a0<\/span><\/td>\n<td style=\"background-color: #e7e4e4; text-align: center; width: 14.9936%;\"><span style=\"color: #e83095;\">\u00a0<strong>Workshop<\/strong><\/span><\/td>\n<td style=\"background-color: #e7e4e4; text-align: center; width: 16.1372%;\"><span style=\"color: #e83095;\"><strong>Conference<\/strong>\u00a0<\/span><\/td>\n<td style=\"background-color: #e7e4e4; text-align: center; width: 15.756%;\"><span style=\"color: #e83095;\"><strong>Virtual Conference<\/strong><\/span><\/td>\n<td style=\"background-color: #e7e4e4; text-align: center; width: 14.6125%;\"><span style=\"color: #e83095;\"><strong>Workshop<\/strong><\/span><\/td>\n<\/tr>\n<tr>\n<td style=\"background-color: #d0e8f1; width: 50%;\"><strong>Member authors<\/strong><\/td>\n<td style=\"background-color: #d0e8f1; text-align: center; vertical-align: middle; width: 16.1372%;\">450\u20ac<\/td>\n<td style=\"background-color: #d0e8f1; text-align: center; vertical-align: middle; width: 16.1372%;\">300\u20ac\u00a0<\/td>\n<td style=\"background-color: #d0e8f1; text-align: center; vertical-align: middle; width: 14.9936%;\">50\u20ac\u00a0<\/td>\n<td style=\"background-color: #d0e8f1; text-align: center; vertical-align: middle; width: 16.1372%;\">500\u20ac\u00a0<\/td>\n<td style=\"background-color: #d0e8f1; text-align: center; vertical-align: middle; width: 16.1372%;\">325\u20ac\u00a0<\/td>\n<td style=\"background-color: #d0e8f1; text-align: center; vertical-align: middle; width: 14.9936%;\">60\u20ac\u00a0<\/td>\n<td style=\"background-color: #d0e8f1; text-align: center; vertical-align: middle; width: 16.1372%;\">550\u20ac\u00a0<\/td>\n<td style=\"background-color: #d0e8f1; text-align: center; vertical-align: middle; width: 15.756%;\">350\u20ac<\/td>\n<td style=\"background-color: #d0e8f1; text-align: center; vertical-align: middle; width: 14.6125%;\">70\u20ac<\/td>\n<\/tr>\n<tr>\n<td style=\"width: 50%;\"><strong>Non-member authors<\/strong><\/td>\n<td style=\"border-image: initial; text-align: center; vertical-align: middle; width: 16.1372%;\">\u00a0500\u20ac<\/td>\n<td style=\"border-image: initial; text-align: center; vertical-align: middle; width: 16.1372%;\">350\u20ac\u00a0<\/td>\n<td style=\"border-image: initial; text-align: center; vertical-align: middle; width: 14.9936%;\">50\u20ac\u00a0<\/td>\n<td style=\"border-image: initial; text-align: center; vertical-align: middle; width: 16.1372%;\">\u00a0550\u20ac<\/td>\n<td style=\"text-align: center; vertical-align: middle; width: 16.1372%;\">375\u20ac\u00a0<\/td>\n<td style=\"text-align: center; vertical-align: middle; width: 14.9936%;\">60\u20ac\u00a0<\/td>\n<td style=\"text-align: center; vertical-align: middle; width: 16.1372%;\">600\u20ac\u00a0<\/td>\n<td style=\"text-align: center; vertical-align: middle; width: 15.756%;\">400\u20ac<\/td>\n<td style=\"text-align: center; vertical-align: middle; width: 14.6125%;\">70\u20ac<\/td>\n<\/tr>\n<tr>\n<td style=\"background-color: #d0e8f1; width: 50%;\"><strong>Member authors from developing countries<\/strong><\/td>\n<td style=\"background-color: #d0e8f1; text-align: center; vertical-align: middle; width: 16.1372%;\">200\u20ac\u00a0<\/td>\n<td style=\"background-color: #d0e8f1; text-align: center; vertical-align: middle; width: 16.1372%;\">120\u20ac\u00a0<\/td>\n<td style=\"background-color: #d0e8f1; text-align: center; vertical-align: middle; width: 14.9936%;\">\u00a050\u20ac<\/td>\n<td style=\"background-color: #d0e8f1; text-align: center; vertical-align: middle; width: 16.1372%;\">225\u20ac\u00a0<\/td>\n<td style=\"background-color: #d0e8f1; text-align: center; vertical-align: middle; width: 16.1372%;\">140\u20ac\u00a0<\/td>\n<td style=\"background-color: #d0e8f1; text-align: center; vertical-align: middle; width: 14.9936%;\">60\u20ac\u00a0<\/td>\n<td style=\"background-color: #d0e8f1; text-align: center; vertical-align: middle; width: 16.1372%;\">250\u20ac\u00a0<\/td>\n<td style=\"background-color: #d0e8f1; text-align: center; vertical-align: middle; width: 15.756%;\">160\u20ac<\/td>\n<td style=\"background-color: #d0e8f1; text-align: center; vertical-align: middle; width: 14.6125%;\">70\u20ac<\/td>\n<\/tr>\n<tr>\n<td style=\"width: 50%;\"><strong>Non-member<\/strong> a<strong>uthors\u00a0 from developing countries<\/strong><\/td>\n<td style=\"border-image: initial; text-align: center; vertical-align: middle; width: 16.1372%;\">\u00a0225\u20ac<\/td>\n<td style=\"border-image: initial; text-align: center; vertical-align: middle; width: 16.1372%;\">150\u20ac\u00a0<\/td>\n<td style=\"border-image: initial; text-align: center; vertical-align: middle; width: 14.9936%;\">\u00a050\u20ac<\/td>\n<td style=\"border-image: initial; text-align: center; vertical-align: middle; width: 16.1372%;\">250\u20ac\u00a0<\/td>\n<td style=\"text-align: center; vertical-align: middle; width: 16.1372%;\">170\u20ac\u00a0<\/td>\n<td style=\"text-align: center; vertical-align: middle; width: 14.9936%;\">\u00a060\u20ac<\/td>\n<td style=\"text-align: center; vertical-align: middle; width: 16.1372%;\">275\u20ac\u00a0<\/td>\n<td style=\"text-align: center; vertical-align: middle; width: 15.756%;\">190\u20ac<\/td>\n<td style=\"text-align: center; vertical-align: middle; width: 14.6125%;\">70\u20ac<\/td>\n<\/tr>\n<tr>\n<td style=\"background-color: #d0e8f1; width: 50%;\">\u00a0<strong>Non-authors and students (excluding social events)<\/strong><\/td>\n<td style=\"background-color: #d0e8f1; text-align: center; vertical-align: middle; width: 16.1372%;\">\u00a0100\u20ac<\/td>\n<td style=\"background-color: #d0e8f1; text-align: center; vertical-align: middle; width: 16.1372%;\">70\u20ac\u00a0<\/td>\n<td style=\"background-color: #d0e8f1; text-align: center; vertical-align: middle; width: 14.9936%;\">\u00a040\u20ac<\/td>\n<td style=\"background-color: #d0e8f1; text-align: center; vertical-align: middle; width: 16.1372%;\">120\u20ac\u00a0<\/td>\n<td style=\"background-color: #d0e8f1; text-align: center; vertical-align: middle; width: 16.1372%;\">80\u20ac\u00a0<\/td>\n<td style=\"background-color: #d0e8f1; text-align: center; vertical-align: middle; width: 14.9936%;\">\u00a050\u20ac<\/td>\n<td style=\"background-color: #d0e8f1; text-align: center; vertical-align: middle; width: 16.1372%;\">130\u20ac\u00a0<\/td>\n<td style=\"background-color: #d0e8f1; text-align: center; vertical-align: middle; width: 15.756%;\">90\u20ac<\/td>\n<td style=\"background-color: #d0e8f1; text-align: center; vertical-align: middle; width: 14.6125%;\">50\u20ac<\/td>\n<\/tr>\n<\/tbody>\n<\/table>\n<\/div><\/div>\n<\/div><\/div>\n\n\n\n<div class=\"wp-block-group\"><div class=\"wp-block-group__inner-container is-layout-flow wp-block-group-is-layout-flow\"><\/div><\/div>\n\n\n\n<p><\/p>\n\n\n\n<p>If you have already registered and you want to modify your registration (e.g. change registration name) please send an email to:\u00a0<a href=\"mailto:generalchairs@imx2022.com\">generalchairs@imx2022.com<\/a>\u00a0with your registration details and any modification request. Cancellations will be subject to a processing fee of 20% by June 22nd, 2022. No refunds will be made after this date.<\/p>\n\n\n\n<h2 class=\"wp-block-heading\">Contacts<\/h2>\n\n\n\n<p class=\"has-black-color has-text-color has-background\" style=\"background-color: #d8dbdf; padding-left: 30px;\"><br><span style=\"font-family: 'Open Sans';\">For further details, please get in touch with:<\/span><br><span style=\"font-family: 'Open Sans';\">\u2022 <strong>Diversity Chairs<\/strong> at: <span style=\"color: #ff00ff;\"><strong><a style=\"color: #e63095;\" href=\"mailto:diversity@imx2022.com\">diversity@imx2022.com<\/a><\/strong><\/span><\/span><br><span style=\"font-family: 'Open Sans'; color: #3996b8;\">Tara Collingwoode-William, Goldsmiths University of London, United Kingdom<\/span><br><span style=\"font-family: 'Open Sans'; color: #3996b8;\">Mylene Farias, University of Brasilia, Brazil<\/span><br><br><span style=\"font-family: 'Open Sans';\">\u2022 <strong>Accessibility Chairs<\/strong> at: <span style=\"color: #ff00ff;\"><strong><a style=\"color: #e63095;\" href=\"mailto:access@imx2022.com\">access@imx2022.com<\/a><\/strong><\/span><\/span><br><span style=\"font-family: 'Open Sans'; color: #3996b8;\">Lucy Chen, Georgia Institute of Technology, USA<\/span><br><span style=\"font-family: 'Open Sans'; color: #3996b8;\">Michael Crabb, Dundee University, United Kingdom<\/span><br><span style=\"font-family: 'Open Sans'; color: #3996b8;\">Margarida Almeida, University of Aveiro, Portugal<\/span><br><br><span style=\"font-family: 'Open Sans';\">\u2022 <strong>General Chairs<\/strong> at: <span style=\"color: #ff00ff;\"><strong><a style=\"color: #e63095;\" href=\"mailto:generalchairs@imx2022.com\">generalchairs@imx2022.com<\/a><\/strong><\/span><\/span><br><span style=\"font-family: 'Open Sans'; color: #3996b8;\">Debora Muchaluat Saade, Universidade Federal Fluminense, Brazil<\/span><br><span style=\"font-family: 'Open Sans'; color: #3996b8;\">Jes\u00fas Guti\u00e9rrez, Universidad Polit\u00e9cnica de Madrid, Spain<\/span><br><br><\/p>\n\n\n\n<p><\/p>\n","protected":false},"excerpt":{"rendered":"<p>Important Information: \u2022 Each attendee must register separately.\u2022 Each conference contribution must be covered by at least one unique full author registration. This is valid for Long and Short papers as well as Work in Progress, Demo and IMX-in-Industry submissions.\u2022 In order to attend workshops, you must at least have one workshop registration.\u2022 Registering for [&hellip;]<\/p>\n","protected":false},"author":1,"featured_media":0,"parent":39,"menu_order":0,"comment_status":"closed","ping_status":"closed","template":"","meta":{"footnotes":""},"class_list":["post-1140","page","type-page","status-publish","hentry"],"_links":{"self":[{"href":"https:\/\/imx.acm.org\/2022\/wp-json\/wp\/v2\/pages\/1140","targetHints":{"allow":["GET"]}}],"collection":[{"href":"https:\/\/imx.acm.org\/2022\/wp-json\/wp\/v2\/pages"}],"about":[{"href":"https:\/\/imx.acm.org\/2022\/wp-json\/wp\/v2\/types\/page"}],"author":[{"embeddable":true,"href":"https:\/\/imx.acm.org\/2022\/wp-json\/wp\/v2\/users\/1"}],"replies":[{"embeddable":true,"href":"https:\/\/imx.acm.org\/2022\/wp-json\/wp\/v2\/comments?post=1140"}],"version-history":[{"count":62,"href":"https:\/\/imx.acm.org\/2022\/wp-json\/wp\/v2\/pages\/1140\/revisions"}],"predecessor-version":[{"id":1856,"href":"https:\/\/imx.acm.org\/2022\/wp-json\/wp\/v2\/pages\/1140\/revisions\/1856"}],"up":[{"embeddable":true,"href":"https:\/\/imx.acm.org\/2022\/wp-json\/wp\/v2\/pages\/39"}],"wp:attachment":[{"href":"https:\/\/imx.acm.org\/2022\/wp-json\/wp\/v2\/media?parent=1140"}],"curies":[{"name":"wp","href":"https:\/\/api.w.org\/{rel}","templated":true}]}}